{"id":10,"date":"2017-11-03T17:52:01","date_gmt":"2017-11-03T17:52:01","guid":{"rendered":"https:\/\/app.pixelwolf.es\/?page_id=10"},"modified":"2024-02-09T12:16:36","modified_gmt":"2024-02-09T11:16:36","slug":"tecnologias","status":"publish","type":"page","link":"https:\/\/sanjogroup.com\/es\/tecnologias\/","title":{"rendered":"Tecnolog\u00edas"},"content":{"rendered":"\t\t<div data-elementor-type=\"wp-page\" data-elementor-id=\"10\" class=\"elementor elementor-10\" data-elementor-post-type=\"page\">\n\t\t\t\t<div class=\"elementor-element elementor-element-6dd952e4 e-flex e-con-boxed e-con e-parent\" data-id=\"6dd952e4\" data-element_type=\"container\" data-settings=\"{&quot;background_background&quot;:&quot;classic&quot;}\">\n\t\t\t\t\t<div class=\"e-con-inner\">\n\t\t<div class=\"elementor-element elementor-element-867d8a1 e-flex e-con-boxed e-con e-child\" data-id=\"867d8a1\" data-element_type=\"container\">\n\t\t\t\t\t<div class=\"e-con-inner\">\n\t\t\t\t<div class=\"elementor-element elementor-element-76c5fc1 elementor-widget__width-initial elementor-widget-mobile__width-inherit elementor-widget elementor-widget-heading\" data-id=\"76c5fc1\" data-element_type=\"widget\" data-widget_type=\"heading.default\">\n\t\t\t\t<div class=\"elementor-widget-container\">\n\t\t\t<h1 class=\"elementor-heading-title elementor-size-default\">Tecnolog\u00edas<\/h1>\t\t<\/div>\n\t\t\t\t<\/div>\n\t\t\t\t\t<\/div>\n\t\t\t\t<\/div>\n\t\t\t\t\t<\/div>\n\t\t\t\t<\/div>\n\t\t<div class=\"elementor-element elementor-element-8675243 e-flex e-con-boxed e-con e-parent\" data-id=\"8675243\" data-element_type=\"container\">\n\t\t\t\t\t<div class=\"e-con-inner\">\n\t\t<div class=\"elementor-element elementor-element-b566530 e-con-full elementor-hidden-desktop elementor-hidden-tablet elementor-hidden-mobile e-flex e-con e-child\" data-id=\"b566530\" data-element_type=\"container\">\n\t\t\t\t<div class=\"elementor-element elementor-element-0ccf76a elementor-widget elementor-widget-heading\" data-id=\"0ccf76a\" data-element_type=\"widget\" data-widget_type=\"heading.default\">\n\t\t\t\t<div class=\"elementor-widget-container\">\n\t\t\t<h2 class=\"elementor-heading-title elementor-size-default\">Soluciones Integrales con Nuestras Tecnolog\u00edas Mec\u00e1nicas de Precisi\u00f3n<\/h2>\t\t<\/div>\n\t\t\t\t<\/div>\n\t\t\t\t<div class=\"elementor-element elementor-element-65b81b7 elementor-widget elementor-widget-image\" data-id=\"65b81b7\" data-element_type=\"widget\" data-widget_type=\"image.default\">\n\t\t\t\t<div class=\"elementor-widget-container\">\n\t\t\t\t\t\t\t\t\t\t\t\t\t<img fetchpriority=\"high\" decoding=\"async\" width=\"512\" height=\"512\" src=\"https:\/\/sanjogroup.com\/wp-content\/uploads\/2023\/06\/citar-1.png\" class=\"attachment-large size-large wp-image-14814\" alt=\"\" srcset=\"https:\/\/sanjogroup.com\/wp-content\/uploads\/2023\/06\/citar-1.png 512w, https:\/\/sanjogroup.com\/wp-content\/uploads\/2023\/06\/citar-1-300x300.png 300w, https:\/\/sanjogroup.com\/wp-content\/uploads\/2023\/06\/citar-1-150x150.png 150w\" sizes=\"(max-width: 512px) 100vw, 512px\" \/>\t\t\t\t\t\t\t\t\t\t\t\t\t<\/div>\n\t\t\t\t<\/div>\n\t\t\t\t<div class=\"elementor-element elementor-element-316fd09 elementor-widget elementor-widget-text-editor\" data-id=\"316fd09\" data-element_type=\"widget\" data-widget_type=\"text-editor.default\">\n\t\t\t\t<div class=\"elementor-widget-container\">\n\t\t\t\t\t\t\t<p>En SANJO, somos expertos en tecnolog\u00edas mec\u00e1nicas de precisi\u00f3n y ofrecemos soluciones integrales que abarcan cinco \u00e1reas clave: corte fino, electromovilidad, tratamientos t\u00e9rmicos, matricer\u00eda y acabados. <strong>Nuestra amplia experiencia garantiza la calidad y eficiencia en cada etapa del proyecto.<\/strong><\/p>\t\t\t\t\t\t<\/div>\n\t\t\t\t<\/div>\n\t\t\t\t<div class=\"elementor-element elementor-element-31d12e8 elementor-widget-divider--view-line elementor-widget elementor-widget-divider\" data-id=\"31d12e8\" data-element_type=\"widget\" data-widget_type=\"divider.default\">\n\t\t\t\t<div class=\"elementor-widget-container\">\n\t\t\t\t\t<div class=\"elementor-divider\">\n\t\t\t<span class=\"elementor-divider-separator\">\n\t\t\t\t\t\t<\/span>\n\t\t<\/div>\n\t\t\t\t<\/div>\n\t\t\t\t<\/div>\n\t\t\t\t<\/div>\n\t\t<div class=\"elementor-element elementor-element-0f39473 e-con-full e-flex e-con e-child\" data-id=\"0f39473\" data-element_type=\"container\" data-settings=\"{&quot;background_background&quot;:&quot;classic&quot;}\">\n\t\t<div class=\"elementor-element elementor-element-1ba1b76 e-flex e-con-boxed e-con e-child\" data-id=\"1ba1b76\" data-element_type=\"container\">\n\t\t\t\t\t<div class=\"e-con-inner\">\n\t\t\t\t<div class=\"elementor-element elementor-element-700b80c elementor-widget elementor-widget-heading\" data-id=\"700b80c\" data-element_type=\"widget\" data-widget_type=\"heading.default\">\n\t\t\t\t<div class=\"elementor-widget-container\">\n\t\t\t<h2 class=\"elementor-heading-title elementor-size-default\">Corte Fino<\/h2>\t\t<\/div>\n\t\t\t\t<\/div>\n\t\t\t\t<div class=\"elementor-element elementor-element-e1489d1 elementor-widget elementor-widget-button\" data-id=\"e1489d1\" data-element_type=\"widget\" data-widget_type=\"button.default\">\n\t\t\t\t<div class=\"elementor-widget-container\">\n\t\t\t\t\t<div class=\"elementor-button-wrapper\">\n\t\t\t<a class=\"elementor-button elementor-button-link elementor-size-sm\" href=\"https:\/\/sanjogroup.com\/es\/tecnologias\/corte-fino\/\">\n\t\t\t\t\t\t<span class=\"elementor-button-content-wrapper\">\n\t\t\t\t\t\t<span class=\"elementor-button-icon\">\n\t\t\t\t<i aria-hidden=\"true\" class=\"fas fa-caret-right\"><\/i>\t\t\t<\/span>\n\t\t\t\t\t\t\t\t\t<span class=\"elementor-button-text\">Conocer m\u00e1s<\/span>\n\t\t\t\t\t<\/span>\n\t\t\t\t\t<\/a>\n\t\t<\/div>\n\t\t\t\t<\/div>\n\t\t\t\t<\/div>\n\t\t\t\t\t<\/div>\n\t\t\t\t<\/div>\n\t\t\t\t<\/div>\n\t\t<div class=\"elementor-element elementor-element-80b6b46 e-con-full e-flex e-con e-child\" data-id=\"80b6b46\" data-element_type=\"container\" data-settings=\"{&quot;background_background&quot;:&quot;classic&quot;}\">\n\t\t<div class=\"elementor-element elementor-element-6fae4c3 e-flex e-con-boxed e-con e-child\" data-id=\"6fae4c3\" data-element_type=\"container\">\n\t\t\t\t\t<div class=\"e-con-inner\">\n\t\t\t\t<div class=\"elementor-element elementor-element-5c542d6 elementor-widget elementor-widget-heading\" data-id=\"5c542d6\" data-element_type=\"widget\" data-widget_type=\"heading.default\">\n\t\t\t\t<div class=\"elementor-widget-container\">\n\t\t\t<h2 class=\"elementor-heading-title elementor-size-default\">Matricer\u00eda<\/h2>\t\t<\/div>\n\t\t\t\t<\/div>\n\t\t\t\t<div class=\"elementor-element elementor-element-b286e70 elementor-widget elementor-widget-button\" data-id=\"b286e70\" data-element_type=\"widget\" data-widget_type=\"button.default\">\n\t\t\t\t<div class=\"elementor-widget-container\">\n\t\t\t\t\t<div class=\"elementor-button-wrapper\">\n\t\t\t<a class=\"elementor-button elementor-button-link elementor-size-sm\" href=\"https:\/\/sanjogroup.com\/es\/tecnologias\/tooling\/\">\n\t\t\t\t\t\t<span class=\"elementor-button-content-wrapper\">\n\t\t\t\t\t\t<span class=\"elementor-button-icon\">\n\t\t\t\t<i aria-hidden=\"true\" class=\"fas fa-caret-right\"><\/i>\t\t\t<\/span>\n\t\t\t\t\t\t\t\t\t<span class=\"elementor-button-text\">Conocer m\u00e1s<\/span>\n\t\t\t\t\t<\/span>\n\t\t\t\t\t<\/a>\n\t\t<\/div>\n\t\t\t\t<\/div>\n\t\t\t\t<\/div>\n\t\t\t\t\t<\/div>\n\t\t\t\t<\/div>\n\t\t\t\t<\/div>\n\t\t\t\t\t<\/div>\n\t\t\t\t<\/div>\n\t\t<div class=\"elementor-element elementor-element-19f13b0 e-flex e-con-boxed e-con e-parent\" data-id=\"19f13b0\" data-element_type=\"container\">\n\t\t\t\t\t<div class=\"e-con-inner\">\n\t\t<div class=\"elementor-element elementor-element-0709f2a e-con-full e-flex e-con e-child\" data-id=\"0709f2a\" data-element_type=\"container\" data-settings=\"{&quot;background_background&quot;:&quot;classic&quot;}\">\n\t\t<div class=\"elementor-element elementor-element-f357bd0 e-flex e-con-boxed e-con e-child\" data-id=\"f357bd0\" data-element_type=\"container\">\n\t\t\t\t\t<div class=\"e-con-inner\">\n\t\t\t\t<div class=\"elementor-element elementor-element-2355eba elementor-widget elementor-widget-heading\" data-id=\"2355eba\" data-element_type=\"widget\" data-widget_type=\"heading.default\">\n\t\t\t\t<div class=\"elementor-widget-container\">\n\t\t\t<h2 class=\"elementor-heading-title elementor-size-default\">Tratamiento T\u00e9rmico<\/h2>\t\t<\/div>\n\t\t\t\t<\/div>\n\t\t\t\t<div class=\"elementor-element elementor-element-412ccd2 elementor-widget elementor-widget-button\" data-id=\"412ccd2\" data-element_type=\"widget\" data-widget_type=\"button.default\">\n\t\t\t\t<div class=\"elementor-widget-container\">\n\t\t\t\t\t<div class=\"elementor-button-wrapper\">\n\t\t\t<a class=\"elementor-button elementor-button-link elementor-size-sm\" href=\"https:\/\/sanjogroup.com\/es\/tecnologias\/tratamiento-termico\/\">\n\t\t\t\t\t\t<span class=\"elementor-button-content-wrapper\">\n\t\t\t\t\t\t<span class=\"elementor-button-icon\">\n\t\t\t\t<i aria-hidden=\"true\" class=\"fas fa-caret-right\"><\/i>\t\t\t<\/span>\n\t\t\t\t\t\t\t\t\t<span class=\"elementor-button-text\">Conocer m\u00e1s<\/span>\n\t\t\t\t\t<\/span>\n\t\t\t\t\t<\/a>\n\t\t<\/div>\n\t\t\t\t<\/div>\n\t\t\t\t<\/div>\n\t\t\t\t\t<\/div>\n\t\t\t\t<\/div>\n\t\t\t\t<\/div>\n\t\t<div class=\"elementor-element elementor-element-f4520bd e-con-full e-flex e-con e-child\" data-id=\"f4520bd\" data-element_type=\"container\" data-settings=\"{&quot;background_background&quot;:&quot;classic&quot;}\">\n\t\t<div class=\"elementor-element elementor-element-3c5ec32 e-flex e-con-boxed e-con e-child\" data-id=\"3c5ec32\" data-element_type=\"container\">\n\t\t\t\t\t<div class=\"e-con-inner\">\n\t\t\t\t<div class=\"elementor-element elementor-element-dc70ce2 elementor-widget elementor-widget-heading\" data-id=\"dc70ce2\" data-element_type=\"widget\" data-widget_type=\"heading.default\">\n\t\t\t\t<div class=\"elementor-widget-container\">\n\t\t\t<h2 class=\"elementor-heading-title elementor-size-default\">Tecnolog\u00edas Complementarias<\/h2>\t\t<\/div>\n\t\t\t\t<\/div>\n\t\t\t\t<div class=\"elementor-element elementor-element-9ec92f7 elementor-widget elementor-widget-button\" data-id=\"9ec92f7\" data-element_type=\"widget\" data-widget_type=\"button.default\">\n\t\t\t\t<div class=\"elementor-widget-container\">\n\t\t\t\t\t<div class=\"elementor-button-wrapper\">\n\t\t\t<a class=\"elementor-button elementor-button-link elementor-size-sm\" href=\"https:\/\/sanjogroup.com\/es\/tecnologias\/tecnologias_complementarias\/\">\n\t\t\t\t\t\t<span class=\"elementor-button-content-wrapper\">\n\t\t\t\t\t\t<span class=\"elementor-button-icon\">\n\t\t\t\t<i aria-hidden=\"true\" class=\"fas fa-caret-right\"><\/i>\t\t\t<\/span>\n\t\t\t\t\t\t\t\t\t<span class=\"elementor-button-text\">Conocer m\u00e1s<\/span>\n\t\t\t\t\t<\/span>\n\t\t\t\t\t<\/a>\n\t\t<\/div>\n\t\t\t\t<\/div>\n\t\t\t\t<\/div>\n\t\t\t\t\t<\/div>\n\t\t\t\t<\/div>\n\t\t\t\t<\/div>\n\t\t\t\t\t<\/div>\n\t\t\t\t<\/div>\n\t\t\t\t<\/div>\n\t\t","protected":false},"excerpt":{"rendered":"<p>Tecnolog\u00edas Soluciones Integrales con Nuestras Tecnolog\u00edas Mec\u00e1nicas de Precisi\u00f3n En SANJO, somos expertos en tecnolog\u00edas mec\u00e1nicas de precisi\u00f3n y ofrecemos soluciones integrales que abarcan cinco \u00e1reas clave: corte fino, electromovilidad, tratamientos t\u00e9rmicos, matricer\u00eda y acabados. Nuestra amplia experiencia garantiza la calidad y eficiencia en cada etapa del proyecto. Corte Fino Conocer m\u00e1s Matricer\u00eda Conocer m\u00e1s [&hellip;]<\/p>\n","protected":false},"author":9,"featured_media":0,"parent":0,"menu_order":20,"comment_status":"closed","ping_status":"closed","template":"","meta":{"footnotes":""},"class_list":["post-10","page","type-page","status-publish","hentry"],"yoast_head":"<!-- This site is optimized with the Yoast SEO plugin v26.9 - https:\/\/yoast.com\/product\/yoast-seo-wordpress\/ -->\n<title>Tecnolog\u00edas - SANJO<\/title>\n<meta name=\"description\" content=\"SANJO, una empresa a la vanguardia de la alta tecnolog\u00eda aplicada en corte fino, el mecanizado cnc, el tratamiento t\u00e9rmico, el tooling y los acabados\" \/>\n<meta name=\"robots\" content=\"index, follow, max-snippet:-1, max-image-preview:large, max-video-preview:-1\" \/>\n<link rel=\"canonical\" href=\"https:\/\/sanjogroup.com\/es\/tecnologias\/\" \/>\n<meta property=\"og:locale\" content=\"es_ES\" \/>\n<meta property=\"og:type\" content=\"article\" \/>\n<meta property=\"og:title\" content=\"Tecnolog\u00edas - SANJO\" \/>\n<meta property=\"og:description\" content=\"SANJO, una empresa a la vanguardia de la alta tecnolog\u00eda aplicada en corte fino, el mecanizado cnc, el tratamiento t\u00e9rmico, el tooling y los acabados\" \/>\n<meta property=\"og:url\" content=\"https:\/\/sanjogroup.com\/es\/tecnologias\/\" \/>\n<meta property=\"og:site_name\" content=\"SANJO\" \/>\n<meta property=\"article:modified_time\" content=\"2024-02-09T11:16:36+00:00\" \/>\n<meta property=\"og:image\" content=\"https:\/\/sanjogroup.com\/wp-content\/uploads\/2017\/11\/Foto-Tecnologi\u0301as-Principal.jpg\" \/>\n\t<meta property=\"og:image:width\" content=\"2183\" \/>\n\t<meta property=\"og:image:height\" content=\"831\" \/>\n\t<meta property=\"og:image:type\" content=\"image\/jpeg\" \/>\n<meta name=\"twitter:card\" content=\"summary_large_image\" \/>\n<script type=\"application\/ld+json\" class=\"yoast-schema-graph\">{\"@context\":\"https:\/\/schema.org\",\"@graph\":[{\"@type\":\"WebPage\",\"@id\":\"https:\/\/sanjogroup.com\/es\/tecnologias\/\",\"url\":\"https:\/\/sanjogroup.com\/es\/tecnologias\/\",\"name\":\"Tecnolog\u00edas - SANJO\",\"isPartOf\":{\"@id\":\"https:\/\/sanjogroup.com\/es\/#website\"},\"primaryImageOfPage\":{\"@id\":\"https:\/\/sanjogroup.com\/es\/tecnologias\/#primaryimage\"},\"image\":{\"@id\":\"https:\/\/sanjogroup.com\/es\/tecnologias\/#primaryimage\"},\"thumbnailUrl\":\"https:\/\/sanjogroup.com\/wp-content\/uploads\/2023\/06\/citar-1.png\",\"datePublished\":\"2017-11-03T17:52:01+00:00\",\"dateModified\":\"2024-02-09T11:16:36+00:00\",\"description\":\"SANJO, una empresa a la vanguardia de la alta tecnolog\u00eda aplicada en corte fino, el mecanizado cnc, el tratamiento t\u00e9rmico, el tooling y los acabados\",\"breadcrumb\":{\"@id\":\"https:\/\/sanjogroup.com\/es\/tecnologias\/#breadcrumb\"},\"inLanguage\":\"es\",\"potentialAction\":[{\"@type\":\"ReadAction\",\"target\":[\"https:\/\/sanjogroup.com\/es\/tecnologias\/\"]}]},{\"@type\":\"ImageObject\",\"inLanguage\":\"es\",\"@id\":\"https:\/\/sanjogroup.com\/es\/tecnologias\/#primaryimage\",\"url\":\"https:\/\/sanjogroup.com\/wp-content\/uploads\/2023\/06\/citar-1.png\",\"contentUrl\":\"https:\/\/sanjogroup.com\/wp-content\/uploads\/2023\/06\/citar-1.png\"},{\"@type\":\"BreadcrumbList\",\"@id\":\"https:\/\/sanjogroup.com\/es\/tecnologias\/#breadcrumb\",\"itemListElement\":[{\"@type\":\"ListItem\",\"position\":1,\"name\":\"Portada\",\"item\":\"https:\/\/sanjogroup.com\/es\/new-home-pixelwolf\/\"},{\"@type\":\"ListItem\",\"position\":2,\"name\":\"Tecnolog\u00edas\"}]},{\"@type\":\"WebSite\",\"@id\":\"https:\/\/sanjogroup.com\/es\/#website\",\"url\":\"https:\/\/sanjogroup.com\/es\/\",\"name\":\"SANJO\",\"description\":\"Fineblanking\",\"publisher\":{\"@id\":\"https:\/\/sanjogroup.com\/es\/#organization\"},\"potentialAction\":[{\"@type\":\"SearchAction\",\"target\":{\"@type\":\"EntryPoint\",\"urlTemplate\":\"https:\/\/sanjogroup.com\/es\/?s={search_term_string}\"},\"query-input\":{\"@type\":\"PropertyValueSpecification\",\"valueRequired\":true,\"valueName\":\"search_term_string\"}}],\"inLanguage\":\"es\"},{\"@type\":\"Organization\",\"@id\":\"https:\/\/sanjogroup.com\/es\/#organization\",\"name\":\"SANJO\",\"url\":\"https:\/\/sanjogroup.com\/es\/\",\"logo\":{\"@type\":\"ImageObject\",\"inLanguage\":\"es\",\"@id\":\"https:\/\/sanjogroup.com\/es\/#\/schema\/logo\/image\/\",\"url\":\"https:\/\/sanjogroup.com\/wp-content\/uploads\/2022\/03\/LOGO-SANJO.jpg\",\"contentUrl\":\"https:\/\/sanjogroup.com\/wp-content\/uploads\/2022\/03\/LOGO-SANJO.jpg\",\"width\":234,\"height\":57,\"caption\":\"SANJO\"},\"image\":{\"@id\":\"https:\/\/sanjogroup.com\/es\/#\/schema\/logo\/image\/\"}}]}<\/script>\n<!-- \/ Yoast SEO plugin. -->","yoast_head_json":{"title":"Tecnolog\u00edas - SANJO","description":"SANJO, una empresa a la vanguardia de la alta tecnolog\u00eda aplicada en corte fino, el mecanizado cnc, el tratamiento t\u00e9rmico, el tooling y los acabados","robots":{"index":"index","follow":"follow","max-snippet":"max-snippet:-1","max-image-preview":"max-image-preview:large","max-video-preview":"max-video-preview:-1"},"canonical":"https:\/\/sanjogroup.com\/es\/tecnologias\/","og_locale":"es_ES","og_type":"article","og_title":"Tecnolog\u00edas - SANJO","og_description":"SANJO, una empresa a la vanguardia de la alta tecnolog\u00eda aplicada en corte fino, el mecanizado cnc, el tratamiento t\u00e9rmico, el tooling y los acabados","og_url":"https:\/\/sanjogroup.com\/es\/tecnologias\/","og_site_name":"SANJO","article_modified_time":"2024-02-09T11:16:36+00:00","og_image":[{"width":2183,"height":831,"url":"https:\/\/sanjogroup.com\/wp-content\/uploads\/2017\/11\/Foto-Tecnologi\u0301as-Principal.jpg","type":"image\/jpeg"}],"twitter_card":"summary_large_image","schema":{"@context":"https:\/\/schema.org","@graph":[{"@type":"WebPage","@id":"https:\/\/sanjogroup.com\/es\/tecnologias\/","url":"https:\/\/sanjogroup.com\/es\/tecnologias\/","name":"Tecnolog\u00edas - SANJO","isPartOf":{"@id":"https:\/\/sanjogroup.com\/es\/#website"},"primaryImageOfPage":{"@id":"https:\/\/sanjogroup.com\/es\/tecnologias\/#primaryimage"},"image":{"@id":"https:\/\/sanjogroup.com\/es\/tecnologias\/#primaryimage"},"thumbnailUrl":"https:\/\/sanjogroup.com\/wp-content\/uploads\/2023\/06\/citar-1.png","datePublished":"2017-11-03T17:52:01+00:00","dateModified":"2024-02-09T11:16:36+00:00","description":"SANJO, una empresa a la vanguardia de la alta tecnolog\u00eda aplicada en corte fino, el mecanizado cnc, el tratamiento t\u00e9rmico, el tooling y los acabados","breadcrumb":{"@id":"https:\/\/sanjogroup.com\/es\/tecnologias\/#breadcrumb"},"inLanguage":"es","potentialAction":[{"@type":"ReadAction","target":["https:\/\/sanjogroup.com\/es\/tecnologias\/"]}]},{"@type":"ImageObject","inLanguage":"es","@id":"https:\/\/sanjogroup.com\/es\/tecnologias\/#primaryimage","url":"https:\/\/sanjogroup.com\/wp-content\/uploads\/2023\/06\/citar-1.png","contentUrl":"https:\/\/sanjogroup.com\/wp-content\/uploads\/2023\/06\/citar-1.png"},{"@type":"BreadcrumbList","@id":"https:\/\/sanjogroup.com\/es\/tecnologias\/#breadcrumb","itemListElement":[{"@type":"ListItem","position":1,"name":"Portada","item":"https:\/\/sanjogroup.com\/es\/new-home-pixelwolf\/"},{"@type":"ListItem","position":2,"name":"Tecnolog\u00edas"}]},{"@type":"WebSite","@id":"https:\/\/sanjogroup.com\/es\/#website","url":"https:\/\/sanjogroup.com\/es\/","name":"SANJO","description":"Fineblanking","publisher":{"@id":"https:\/\/sanjogroup.com\/es\/#organization"},"potentialAction":[{"@type":"SearchAction","target":{"@type":"EntryPoint","urlTemplate":"https:\/\/sanjogroup.com\/es\/?s={search_term_string}"},"query-input":{"@type":"PropertyValueSpecification","valueRequired":true,"valueName":"search_term_string"}}],"inLanguage":"es"},{"@type":"Organization","@id":"https:\/\/sanjogroup.com\/es\/#organization","name":"SANJO","url":"https:\/\/sanjogroup.com\/es\/","logo":{"@type":"ImageObject","inLanguage":"es","@id":"https:\/\/sanjogroup.com\/es\/#\/schema\/logo\/image\/","url":"https:\/\/sanjogroup.com\/wp-content\/uploads\/2022\/03\/LOGO-SANJO.jpg","contentUrl":"https:\/\/sanjogroup.com\/wp-content\/uploads\/2022\/03\/LOGO-SANJO.jpg","width":234,"height":57,"caption":"SANJO"},"image":{"@id":"https:\/\/sanjogroup.com\/es\/#\/schema\/logo\/image\/"}}]}},"_links":{"self":[{"href":"https:\/\/sanjogroup.com\/es\/wp-json\/wp\/v2\/pages\/10","targetHints":{"allow":["GET"]}}],"collection":[{"href":"https:\/\/sanjogroup.com\/es\/wp-json\/wp\/v2\/pages"}],"about":[{"href":"https:\/\/sanjogroup.com\/es\/wp-json\/wp\/v2\/types\/page"}],"author":[{"embeddable":true,"href":"https:\/\/sanjogroup.com\/es\/wp-json\/wp\/v2\/users\/9"}],"replies":[{"embeddable":true,"href":"https:\/\/sanjogroup.com\/es\/wp-json\/wp\/v2\/comments?post=10"}],"version-history":[{"count":160,"href":"https:\/\/sanjogroup.com\/es\/wp-json\/wp\/v2\/pages\/10\/revisions"}],"predecessor-version":[{"id":21665,"href":"https:\/\/sanjogroup.com\/es\/wp-json\/wp\/v2\/pages\/10\/revisions\/21665"}],"wp:attachment":[{"href":"https:\/\/sanjogroup.com\/es\/wp-json\/wp\/v2\/media?parent=10"}],"curies":[{"name":"wp","href":"https:\/\/api.w.org\/{rel}","templated":true}]}}