{"id":12,"date":"2017-11-03T17:52:10","date_gmt":"2017-11-03T17:52:10","guid":{"rendered":"https:\/\/app.pixelwolf.es\/?page_id=12"},"modified":"2024-02-09T10:44:52","modified_gmt":"2024-02-09T09:44:52","slug":"aplicaciones","status":"publish","type":"page","link":"https:\/\/sanjogroup.com\/es\/aplicaciones\/","title":{"rendered":"Aplicaciones"},"content":{"rendered":"\t\t<div data-elementor-type=\"wp-page\" data-elementor-id=\"12\" class=\"elementor elementor-12\" data-elementor-post-type=\"page\">\n\t\t\t\t<div class=\"elementor-element elementor-element-35231e33 e-flex e-con-boxed e-con e-parent\" data-id=\"35231e33\" data-element_type=\"container\" data-settings=\"{&quot;background_background&quot;:&quot;classic&quot;}\">\n\t\t\t\t\t<div class=\"e-con-inner\">\n\t\t<div class=\"elementor-element elementor-element-b178d25 e-flex e-con-boxed e-con e-child\" data-id=\"b178d25\" data-element_type=\"container\">\n\t\t\t\t\t<div class=\"e-con-inner\">\n\t\t\t\t<div class=\"elementor-element elementor-element-15081d26 elementor-widget elementor-widget-heading\" data-id=\"15081d26\" data-element_type=\"widget\" data-widget_type=\"heading.default\">\n\t\t\t\t<div class=\"elementor-widget-container\">\n\t\t\t<h1 class=\"elementor-heading-title elementor-size-default\">Aplicaciones<\/h1>\t\t<\/div>\n\t\t\t\t<\/div>\n\t\t\t\t\t<\/div>\n\t\t\t\t<\/div>\n\t\t\t\t\t<\/div>\n\t\t\t\t<\/div>\n\t\t<div class=\"elementor-element elementor-element-a8e5c31 e-flex e-con-boxed e-con e-parent\" data-id=\"a8e5c31\" data-element_type=\"container\">\n\t\t\t\t\t<div class=\"e-con-inner\">\n\t\t<div class=\"elementor-element elementor-element-b4ea57e e-con-full e-flex e-con e-child\" data-id=\"b4ea57e\" data-element_type=\"container\" data-settings=\"{&quot;background_background&quot;:&quot;classic&quot;}\">\n\t\t<div class=\"elementor-element elementor-element-bfa91b4 e-flex e-con-boxed e-con e-child\" data-id=\"bfa91b4\" data-element_type=\"container\">\n\t\t\t\t\t<div class=\"e-con-inner\">\n\t\t\t\t<div class=\"elementor-element elementor-element-6f0e1ec elementor-widget__width-initial elementor-widget elementor-widget-heading\" data-id=\"6f0e1ec\" data-element_type=\"widget\" data-widget_type=\"heading.default\">\n\t\t\t\t<div class=\"elementor-widget-container\">\n\t\t\t<h2 class=\"elementor-heading-title elementor-size-default\">Industria Autom\u00f3vil<\/h2>\t\t<\/div>\n\t\t\t\t<\/div>\n\t\t\t\t<div class=\"elementor-element elementor-element-1091498 elementor-widget elementor-widget-button\" data-id=\"1091498\" data-element_type=\"widget\" data-widget_type=\"button.default\">\n\t\t\t\t<div class=\"elementor-widget-container\">\n\t\t\t\t\t<div class=\"elementor-button-wrapper\">\n\t\t\t<a class=\"elementor-button elementor-button-link elementor-size-sm\" href=\"https:\/\/sanjogroup.com\/es\/aplicaciones\/industria-del-automovil\/\">\n\t\t\t\t\t\t<span class=\"elementor-button-content-wrapper\">\n\t\t\t\t\t\t<span class=\"elementor-button-icon\">\n\t\t\t\t<i aria-hidden=\"true\" class=\"fas fa-caret-right\"><\/i>\t\t\t<\/span>\n\t\t\t\t\t\t\t\t\t<span class=\"elementor-button-text\">Conocer m\u00e1s<\/span>\n\t\t\t\t\t<\/span>\n\t\t\t\t\t<\/a>\n\t\t<\/div>\n\t\t\t\t<\/div>\n\t\t\t\t<\/div>\n\t\t\t\t\t<\/div>\n\t\t\t\t<\/div>\n\t\t\t\t<\/div>\n\t\t<div class=\"elementor-element elementor-element-1959d2c e-con-full e-flex e-con e-child\" data-id=\"1959d2c\" data-element_type=\"container\" data-settings=\"{&quot;background_background&quot;:&quot;classic&quot;}\">\n\t\t<div class=\"elementor-element elementor-element-096d500 e-flex e-con-boxed e-con e-child\" data-id=\"096d500\" data-element_type=\"container\">\n\t\t\t\t\t<div class=\"e-con-inner\">\n\t\t\t\t<div class=\"elementor-element elementor-element-117aa00 elementor-widget__width-initial elementor-widget elementor-widget-heading\" data-id=\"117aa00\" data-element_type=\"widget\" data-widget_type=\"heading.default\">\n\t\t\t\t<div class=\"elementor-widget-container\">\n\t\t\t<h2 class=\"elementor-heading-title elementor-size-default\">Industria El\u00e9ctrica<\/h2>\t\t<\/div>\n\t\t\t\t<\/div>\n\t\t\t\t<div class=\"elementor-element elementor-element-2c92ce6 elementor-widget elementor-widget-button\" data-id=\"2c92ce6\" data-element_type=\"widget\" data-widget_type=\"button.default\">\n\t\t\t\t<div class=\"elementor-widget-container\">\n\t\t\t\t\t<div class=\"elementor-button-wrapper\">\n\t\t\t<a class=\"elementor-button elementor-button-link elementor-size-sm\" href=\"https:\/\/sanjogroup.com\/es\/aplicaciones\/industria-electrica\/\">\n\t\t\t\t\t\t<span class=\"elementor-button-content-wrapper\">\n\t\t\t\t\t\t<span class=\"elementor-button-icon\">\n\t\t\t\t<i aria-hidden=\"true\" class=\"fas fa-caret-right\"><\/i>\t\t\t<\/span>\n\t\t\t\t\t\t\t\t\t<span class=\"elementor-button-text\">Conocer m\u00e1s<\/span>\n\t\t\t\t\t<\/span>\n\t\t\t\t\t<\/a>\n\t\t<\/div>\n\t\t\t\t<\/div>\n\t\t\t\t<\/div>\n\t\t\t\t\t<\/div>\n\t\t\t\t<\/div>\n\t\t\t\t<\/div>\n\t\t<div class=\"elementor-element elementor-element-2fe0a64 e-con-full e-flex e-con e-child\" data-id=\"2fe0a64\" data-element_type=\"container\" data-settings=\"{&quot;background_background&quot;:&quot;classic&quot;}\">\n\t\t<div class=\"elementor-element elementor-element-10431e7 e-flex e-con-boxed e-con e-child\" data-id=\"10431e7\" data-element_type=\"container\">\n\t\t\t\t\t<div class=\"e-con-inner\">\n\t\t\t\t<div class=\"elementor-element elementor-element-2cf8002 elementor-widget__width-initial elementor-widget elementor-widget-heading\" data-id=\"2cf8002\" data-element_type=\"widget\" data-widget_type=\"heading.default\">\n\t\t\t\t<div class=\"elementor-widget-container\">\n\t\t\t<h2 class=\"elementor-heading-title elementor-size-default\">M\u00e1quina  Herramienta<\/h2>\t\t<\/div>\n\t\t\t\t<\/div>\n\t\t\t\t<div class=\"elementor-element elementor-element-8ff2b16 elementor-widget elementor-widget-button\" data-id=\"8ff2b16\" data-element_type=\"widget\" data-widget_type=\"button.default\">\n\t\t\t\t<div class=\"elementor-widget-container\">\n\t\t\t\t\t<div class=\"elementor-button-wrapper\">\n\t\t\t<a class=\"elementor-button elementor-button-link elementor-size-sm\" href=\"https:\/\/sanjogroup.com\/es\/aplicaciones\/maquina-y-herramienta\/\">\n\t\t\t\t\t\t<span class=\"elementor-button-content-wrapper\">\n\t\t\t\t\t\t<span class=\"elementor-button-icon\">\n\t\t\t\t<i aria-hidden=\"true\" class=\"fas fa-caret-right\"><\/i>\t\t\t<\/span>\n\t\t\t\t\t\t\t\t\t<span class=\"elementor-button-text\">Conocer m\u00e1s<\/span>\n\t\t\t\t\t<\/span>\n\t\t\t\t\t<\/a>\n\t\t<\/div>\n\t\t\t\t<\/div>\n\t\t\t\t<\/div>\n\t\t\t\t\t<\/div>\n\t\t\t\t<\/div>\n\t\t\t\t<\/div>\n\t\t\t\t\t<\/div>\n\t\t\t\t<\/div>\n\t\t\t\t<\/div>\n\t\t","protected":false},"excerpt":{"rendered":"<p>Aplicaciones Industria Autom\u00f3vil Conocer m\u00e1s Industria El\u00e9ctrica Conocer m\u00e1s M\u00e1quina Herramienta Conocer m\u00e1s<\/p>\n","protected":false},"author":9,"featured_media":0,"parent":0,"menu_order":30,"comment_status":"closed","ping_status":"closed","template":"","meta":{"footnotes":""},"class_list":["post-12","page","type-page","status-publish","hentry"],"yoast_head":"<!-- This site is optimized with the Yoast SEO plugin v26.9 - https:\/\/yoast.com\/product\/yoast-seo-wordpress\/ -->\n<title>Aplicaciones - SANJO<\/title>\n<meta name=\"description\" content=\"En SANJO elaboramos piezas de precisi\u00f3n que se aplican en tres sectores clave en todo el mundo: la industria del autom\u00f3vil, la el\u00e9ctrica y la de herramientas y maquinaria.\" \/>\n<meta name=\"robots\" content=\"index, follow, max-snippet:-1, max-image-preview:large, max-video-preview:-1\" \/>\n<link rel=\"canonical\" href=\"https:\/\/sanjogroup.com\/es\/aplicaciones\/\" \/>\n<meta property=\"og:locale\" content=\"es_ES\" \/>\n<meta property=\"og:type\" content=\"article\" \/>\n<meta property=\"og:title\" content=\"Aplicaciones - SANJO\" \/>\n<meta property=\"og:description\" content=\"En SANJO elaboramos piezas de precisi\u00f3n que se aplican en tres sectores clave en todo el mundo: la industria del autom\u00f3vil, la el\u00e9ctrica y la de herramientas y maquinaria.\" \/>\n<meta property=\"og:url\" content=\"https:\/\/sanjogroup.com\/es\/aplicaciones\/\" \/>\n<meta property=\"og:site_name\" content=\"SANJO\" \/>\n<meta property=\"article:modified_time\" content=\"2024-02-09T09:44:52+00:00\" \/>\n<meta property=\"og:image\" content=\"https:\/\/sanjogroup.com\/wp-content\/uploads\/2017\/11\/Foto-Aplicaciones-Principal.jpg\" \/>\n\t<meta property=\"og:image:width\" content=\"2183\" \/>\n\t<meta property=\"og:image:height\" content=\"831\" \/>\n\t<meta property=\"og:image:type\" content=\"image\/jpeg\" \/>\n<meta name=\"twitter:card\" content=\"summary_large_image\" \/>\n<script type=\"application\/ld+json\" class=\"yoast-schema-graph\">{\"@context\":\"https:\/\/schema.org\",\"@graph\":[{\"@type\":\"WebPage\",\"@id\":\"https:\/\/sanjogroup.com\/es\/aplicaciones\/\",\"url\":\"https:\/\/sanjogroup.com\/es\/aplicaciones\/\",\"name\":\"Aplicaciones - SANJO\",\"isPartOf\":{\"@id\":\"https:\/\/sanjogroup.com\/es\/#website\"},\"datePublished\":\"2017-11-03T17:52:10+00:00\",\"dateModified\":\"2024-02-09T09:44:52+00:00\",\"description\":\"En SANJO elaboramos piezas de precisi\u00f3n que se aplican en tres sectores clave en todo el mundo: la industria del autom\u00f3vil, la el\u00e9ctrica y la de herramientas y maquinaria.\",\"breadcrumb\":{\"@id\":\"https:\/\/sanjogroup.com\/es\/aplicaciones\/#breadcrumb\"},\"inLanguage\":\"es\",\"potentialAction\":[{\"@type\":\"ReadAction\",\"target\":[\"https:\/\/sanjogroup.com\/es\/aplicaciones\/\"]}]},{\"@type\":\"BreadcrumbList\",\"@id\":\"https:\/\/sanjogroup.com\/es\/aplicaciones\/#breadcrumb\",\"itemListElement\":[{\"@type\":\"ListItem\",\"position\":1,\"name\":\"Portada\",\"item\":\"https:\/\/sanjogroup.com\/es\/new-home-pixelwolf\/\"},{\"@type\":\"ListItem\",\"position\":2,\"name\":\"Aplicaciones\"}]},{\"@type\":\"WebSite\",\"@id\":\"https:\/\/sanjogroup.com\/es\/#website\",\"url\":\"https:\/\/sanjogroup.com\/es\/\",\"name\":\"SANJO\",\"description\":\"Fineblanking\",\"publisher\":{\"@id\":\"https:\/\/sanjogroup.com\/es\/#organization\"},\"potentialAction\":[{\"@type\":\"SearchAction\",\"target\":{\"@type\":\"EntryPoint\",\"urlTemplate\":\"https:\/\/sanjogroup.com\/es\/?s={search_term_string}\"},\"query-input\":{\"@type\":\"PropertyValueSpecification\",\"valueRequired\":true,\"valueName\":\"search_term_string\"}}],\"inLanguage\":\"es\"},{\"@type\":\"Organization\",\"@id\":\"https:\/\/sanjogroup.com\/es\/#organization\",\"name\":\"SANJO\",\"url\":\"https:\/\/sanjogroup.com\/es\/\",\"logo\":{\"@type\":\"ImageObject\",\"inLanguage\":\"es\",\"@id\":\"https:\/\/sanjogroup.com\/es\/#\/schema\/logo\/image\/\",\"url\":\"https:\/\/sanjogroup.com\/wp-content\/uploads\/2022\/03\/LOGO-SANJO.jpg\",\"contentUrl\":\"https:\/\/sanjogroup.com\/wp-content\/uploads\/2022\/03\/LOGO-SANJO.jpg\",\"width\":234,\"height\":57,\"caption\":\"SANJO\"},\"image\":{\"@id\":\"https:\/\/sanjogroup.com\/es\/#\/schema\/logo\/image\/\"}}]}<\/script>\n<!-- \/ Yoast SEO plugin. -->","yoast_head_json":{"title":"Aplicaciones - SANJO","description":"En SANJO elaboramos piezas de precisi\u00f3n que se aplican en tres sectores clave en todo el mundo: la industria del autom\u00f3vil, la el\u00e9ctrica y la de herramientas y maquinaria.","robots":{"index":"index","follow":"follow","max-snippet":"max-snippet:-1","max-image-preview":"max-image-preview:large","max-video-preview":"max-video-preview:-1"},"canonical":"https:\/\/sanjogroup.com\/es\/aplicaciones\/","og_locale":"es_ES","og_type":"article","og_title":"Aplicaciones - SANJO","og_description":"En SANJO elaboramos piezas de precisi\u00f3n que se aplican en tres sectores clave en todo el mundo: la industria del autom\u00f3vil, la el\u00e9ctrica y la de herramientas y maquinaria.","og_url":"https:\/\/sanjogroup.com\/es\/aplicaciones\/","og_site_name":"SANJO","article_modified_time":"2024-02-09T09:44:52+00:00","og_image":[{"width":2183,"height":831,"url":"https:\/\/sanjogroup.com\/wp-content\/uploads\/2017\/11\/Foto-Aplicaciones-Principal.jpg","type":"image\/jpeg"}],"twitter_card":"summary_large_image","schema":{"@context":"https:\/\/schema.org","@graph":[{"@type":"WebPage","@id":"https:\/\/sanjogroup.com\/es\/aplicaciones\/","url":"https:\/\/sanjogroup.com\/es\/aplicaciones\/","name":"Aplicaciones - SANJO","isPartOf":{"@id":"https:\/\/sanjogroup.com\/es\/#website"},"datePublished":"2017-11-03T17:52:10+00:00","dateModified":"2024-02-09T09:44:52+00:00","description":"En SANJO elaboramos piezas de precisi\u00f3n que se aplican en tres sectores clave en todo el mundo: la industria del autom\u00f3vil, la el\u00e9ctrica y la de herramientas y maquinaria.","breadcrumb":{"@id":"https:\/\/sanjogroup.com\/es\/aplicaciones\/#breadcrumb"},"inLanguage":"es","potentialAction":[{"@type":"ReadAction","target":["https:\/\/sanjogroup.com\/es\/aplicaciones\/"]}]},{"@type":"BreadcrumbList","@id":"https:\/\/sanjogroup.com\/es\/aplicaciones\/#breadcrumb","itemListElement":[{"@type":"ListItem","position":1,"name":"Portada","item":"https:\/\/sanjogroup.com\/es\/new-home-pixelwolf\/"},{"@type":"ListItem","position":2,"name":"Aplicaciones"}]},{"@type":"WebSite","@id":"https:\/\/sanjogroup.com\/es\/#website","url":"https:\/\/sanjogroup.com\/es\/","name":"SANJO","description":"Fineblanking","publisher":{"@id":"https:\/\/sanjogroup.com\/es\/#organization"},"potentialAction":[{"@type":"SearchAction","target":{"@type":"EntryPoint","urlTemplate":"https:\/\/sanjogroup.com\/es\/?s={search_term_string}"},"query-input":{"@type":"PropertyValueSpecification","valueRequired":true,"valueName":"search_term_string"}}],"inLanguage":"es"},{"@type":"Organization","@id":"https:\/\/sanjogroup.com\/es\/#organization","name":"SANJO","url":"https:\/\/sanjogroup.com\/es\/","logo":{"@type":"ImageObject","inLanguage":"es","@id":"https:\/\/sanjogroup.com\/es\/#\/schema\/logo\/image\/","url":"https:\/\/sanjogroup.com\/wp-content\/uploads\/2022\/03\/LOGO-SANJO.jpg","contentUrl":"https:\/\/sanjogroup.com\/wp-content\/uploads\/2022\/03\/LOGO-SANJO.jpg","width":234,"height":57,"caption":"SANJO"},"image":{"@id":"https:\/\/sanjogroup.com\/es\/#\/schema\/logo\/image\/"}}]}},"_links":{"self":[{"href":"https:\/\/sanjogroup.com\/es\/wp-json\/wp\/v2\/pages\/12","targetHints":{"allow":["GET"]}}],"collection":[{"href":"https:\/\/sanjogroup.com\/es\/wp-json\/wp\/v2\/pages"}],"about":[{"href":"https:\/\/sanjogroup.com\/es\/wp-json\/wp\/v2\/types\/page"}],"author":[{"embeddable":true,"href":"https:\/\/sanjogroup.com\/es\/wp-json\/wp\/v2\/users\/9"}],"replies":[{"embeddable":true,"href":"https:\/\/sanjogroup.com\/es\/wp-json\/wp\/v2\/comments?post=12"}],"version-history":[{"count":96,"href":"https:\/\/sanjogroup.com\/es\/wp-json\/wp\/v2\/pages\/12\/revisions"}],"predecessor-version":[{"id":21536,"href":"https:\/\/sanjogroup.com\/es\/wp-json\/wp\/v2\/pages\/12\/revisions\/21536"}],"wp:attachment":[{"href":"https:\/\/sanjogroup.com\/es\/wp-json\/wp\/v2\/media?parent=12"}],"curies":[{"name":"wp","href":"https:\/\/api.w.org\/{rel}","templated":true}]}}