{"id":16,"date":"2017-11-03T17:52:34","date_gmt":"2017-11-03T17:52:34","guid":{"rendered":"https:\/\/app.pixelwolf.es\/?page_id=16"},"modified":"2026-01-26T17:09:16","modified_gmt":"2026-01-26T16:09:16","slug":"empleo","status":"publish","type":"page","link":"https:\/\/sanjogroup.com\/es\/empleo\/","title":{"rendered":"Empleo"},"content":{"rendered":"\t\t<div data-elementor-type=\"wp-page\" data-elementor-id=\"16\" class=\"elementor elementor-16\" data-elementor-post-type=\"page\">\n\t\t\t\t<div class=\"elementor-element elementor-element-fd100e9 e-flex e-con-boxed e-con e-parent\" data-id=\"fd100e9\" data-element_type=\"container\" data-settings=\"{&quot;background_background&quot;:&quot;classic&quot;}\">\n\t\t\t\t\t<div class=\"e-con-inner\">\n\t\t\t\t<div class=\"elementor-element elementor-element-63e7075 elementor-widget-mobile__width-inherit elementor-widget elementor-widget-heading\" data-id=\"63e7075\" data-element_type=\"widget\" data-widget_type=\"heading.default\">\n\t\t\t\t<div class=\"elementor-widget-container\">\n\t\t\t<h1 class=\"elementor-heading-title elementor-size-default\">Empleo<\/h1>\t\t<\/div>\n\t\t\t\t<\/div>\n\t\t\t\t\t<\/div>\n\t\t\t\t<\/div>\n\t\t<div class=\"elementor-element elementor-element-2fbdccd e-flex e-con-boxed e-con e-parent\" data-id=\"2fbdccd\" data-element_type=\"container\">\n\t\t\t\t\t<div class=\"e-con-inner\">\n\t\t\t\t<div class=\"elementor-element elementor-element-d344343 elementor-widget elementor-widget-heading\" data-id=\"d344343\" data-element_type=\"widget\" data-widget_type=\"heading.default\">\n\t\t\t\t<div class=\"elementor-widget-container\">\n\t\t\t<h2 class=\"elementor-heading-title elementor-size-default\">Trabaja en <strong>SANJO<\/strong><\/h2>\t\t<\/div>\n\t\t\t\t<\/div>\n\t\t\t\t\t<\/div>\n\t\t\t\t<\/div>\n\t\t<div class=\"elementor-element elementor-element-aa64def e-flex e-con-boxed e-con e-parent\" data-id=\"aa64def\" data-element_type=\"container\">\n\t\t\t\t\t<div class=\"e-con-inner\">\n\t\t<div class=\"elementor-element elementor-element-c4e83e8 e-flex e-con-boxed e-con e-child\" data-id=\"c4e83e8\" data-element_type=\"container\">\n\t\t\t\t\t<div class=\"e-con-inner\">\n\t\t<div class=\"elementor-element elementor-element-431d769 e-con-full e-flex e-con e-child\" data-id=\"431d769\" data-element_type=\"container\" data-settings=\"{&quot;background_background&quot;:&quot;classic&quot;}\">\n\t\t\t\t<\/div>\n\t\t<div class=\"elementor-element elementor-element-650793b e-flex e-con-boxed e-con e-child\" data-id=\"650793b\" data-element_type=\"container\">\n\t\t\t\t\t<div class=\"e-con-inner\">\n\t\t\t\t<div class=\"elementor-element elementor-element-2b7c3ac elementor-widget elementor-widget-text-editor\" data-id=\"2b7c3ac\" data-element_type=\"widget\" data-widget_type=\"text-editor.default\">\n\t\t\t\t<div class=\"elementor-widget-container\">\n\t\t\t\t\t\t\t<p>Somos una empresa l\u00edder en la fabricaci\u00f3n de <strong>componentes met\u00e1licos de precisi\u00f3n<\/strong> consolidada a nivel mundial.<\/p><p>Creemos que<strong> nuestros empleados y empleadas son una parte importante de nuestro \u00e9xito<\/strong>, por ello nos esforzamos en brindar el mejor entorno posible que favorezca el crecimiento personal y profesional.<\/p><p>Si te apasiona marcar la diferencia en la industria manufacturera y deseas ser parte de una<strong> empresa din\u00e1mica y competitiva<\/strong>, no dudes enviarnos tu C.V., estaremos encantados de recibirlo.<\/p><p>\u00a1Te esperamos!<\/p>\t\t\t\t\t\t<\/div>\n\t\t\t\t<\/div>\n\t\t\t\t\t<\/div>\n\t\t\t\t<\/div>\n\t\t\t\t\t<\/div>\n\t\t\t\t<\/div>\n\t\t<div class=\"elementor-element elementor-element-2dac763 e-flex e-con-boxed e-con e-child\" data-id=\"2dac763\" data-element_type=\"container\" id=\"candidatura\">\n\t\t\t\t\t<div class=\"e-con-inner\">\n\t\t<div class=\"elementor-element elementor-element-d2f7976 e-flex e-con-boxed e-con e-child\" data-id=\"d2f7976\" data-element_type=\"container\">\n\t\t\t\t\t<div class=\"e-con-inner\">\n\t\t\t\t<div class=\"elementor-element elementor-element-6985660 elementor-widget elementor-widget-heading\" data-id=\"6985660\" data-element_type=\"widget\" data-widget_type=\"heading.default\">\n\t\t\t\t<div class=\"elementor-widget-container\">\n\t\t\t<h2 class=\"elementor-heading-title elementor-size-default\">Env\u00edanos tu <b>Candidatura<\/b><\/h2>\t\t<\/div>\n\t\t\t\t<\/div>\n\t\t\t\t<div class=\"elementor-element elementor-element-4252ad8 elementor-button-align-center elementor-widget elementor-widget-form\" data-id=\"4252ad8\" data-element_type=\"widget\" data-settings=\"{&quot;step_next_label&quot;:&quot;Next&quot;,&quot;step_previous_label&quot;:&quot;Previous&quot;,&quot;button_width&quot;:&quot;100&quot;,&quot;step_type&quot;:&quot;number_text&quot;,&quot;step_icon_shape&quot;:&quot;circle&quot;}\" data-widget_type=\"form.default\">\n\t\t\t\t<div class=\"elementor-widget-container\">\n\t\t\t\t\t<form class=\"elementor-form\" method=\"post\" name=\"Empleo-Candidatura\" novalidate=\"\">\n\t\t\t<input type=\"hidden\" name=\"post_id\" value=\"16\"\/>\n\t\t\t<input type=\"hidden\" name=\"form_id\" value=\"4252ad8\"\/>\n\t\t\t<input type=\"hidden\" name=\"referer_title\" value=\"SANJO\" \/>\n\n\t\t\t\n\t\t\t<div class=\"elementor-form-fields-wrapper elementor-labels-\">\n\t\t\t\t\t\t\t\t<div class=\"elementor-field-type-text elementor-field-group elementor-column elementor-field-group-nombre elementor-col-50 elementor-field-required\">\n\t\t\t\t\t\t\t\t\t\t\t\t<label for=\"form-field-nombre\" class=\"elementor-field-label elementor-screen-only\">\n\t\t\t\t\t\t\t\tNombre\t\t\t\t\t\t\t<\/label>\n\t\t\t\t\t\t\t\t\t\t\t\t\t\t<input size=\"1\" type=\"text\" name=\"form_fields[nombre]\" id=\"form-field-nombre\" class=\"elementor-field elementor-size-sm  elementor-field-textual\" placeholder=\"Nombre\" required=\"required\" aria-required=\"true\">\n\t\t\t\t\t\t\t\t\t\t\t<\/div>\n\t\t\t\t\t\t\t\t<div class=\"elementor-field-type-text elementor-field-group elementor-column elementor-field-group-apellidos elementor-col-50 elementor-field-required\">\n\t\t\t\t\t\t\t\t\t\t\t\t<label for=\"form-field-apellidos\" class=\"elementor-field-label elementor-screen-only\">\n\t\t\t\t\t\t\t\tApellidos\t\t\t\t\t\t\t<\/label>\n\t\t\t\t\t\t\t\t\t\t\t\t\t\t<input size=\"1\" type=\"text\" name=\"form_fields[apellidos]\" id=\"form-field-apellidos\" class=\"elementor-field elementor-size-sm  elementor-field-textual\" placeholder=\"Apellidos\" required=\"required\" aria-required=\"true\">\n\t\t\t\t\t\t\t\t\t\t\t<\/div>\n\t\t\t\t\t\t\t\t<div class=\"elementor-field-type-email elementor-field-group elementor-column elementor-field-group-email elementor-col-50 elementor-field-required\">\n\t\t\t\t\t\t\t\t\t\t\t\t<label for=\"form-field-email\" class=\"elementor-field-label elementor-screen-only\">\n\t\t\t\t\t\t\t\tEmail\t\t\t\t\t\t\t<\/label>\n\t\t\t\t\t\t\t\t\t\t\t\t\t\t<input size=\"1\" type=\"email\" name=\"form_fields[email]\" id=\"form-field-email\" class=\"elementor-field elementor-size-sm  elementor-field-textual\" placeholder=\"Email\" required=\"required\" aria-required=\"true\">\n\t\t\t\t\t\t\t\t\t\t\t<\/div>\n\t\t\t\t\t\t\t\t<div class=\"elementor-field-type-tel elementor-field-group elementor-column elementor-field-group-telf elementor-col-50 elementor-field-required\">\n\t\t\t\t\t\t\t\t\t\t\t\t<label for=\"form-field-telf\" class=\"elementor-field-label elementor-screen-only\">\n\t\t\t\t\t\t\t\tTelefono\t\t\t\t\t\t\t<\/label>\n\t\t\t\t\t\t\t\t<input size=\"1\" type=\"tel\" name=\"form_fields[telf]\" id=\"form-field-telf\" class=\"elementor-field elementor-size-sm  elementor-field-textual\" placeholder=\"Tel\u00e9fono\" required=\"required\" aria-required=\"true\" pattern=\"[0-9()#&amp;+*-=.]+\" title=\"Solo se aceptan n\u00fameros y caracteres de tel\u00e9fono (#,-,*,etc).\">\n\n\t\t\t\t\t\t<\/div>\n\t\t\t\t\t\t\t\t<div class=\"elementor-field-type-textarea elementor-field-group elementor-column elementor-field-group-mensaje elementor-col-100\">\n\t\t\t\t\t\t\t\t\t\t\t\t<label for=\"form-field-mensaje\" class=\"elementor-field-label elementor-screen-only\">\n\t\t\t\t\t\t\t\tMensaje\t\t\t\t\t\t\t<\/label>\n\t\t\t\t\t\t<textarea class=\"elementor-field-textual elementor-field  elementor-size-sm\" name=\"form_fields[mensaje]\" id=\"form-field-mensaje\" rows=\"4\" placeholder=\"Mensaje\"><\/textarea>\t\t\t\t<\/div>\n\t\t\t\t\t\t\t\t<div class=\"elementor-field-type-html elementor-field-group elementor-column elementor-field-group-field_bf338af elementor-col-100\">\n\t\t\t\t\tIntroduce tu CV\t\t\t\t<\/div>\n\t\t\t\t\t\t\t\t<div class=\"elementor-field-type-upload elementor-field-group elementor-column elementor-field-group-archivos elementor-col-100 elementor-field-required\">\n\t\t\t\t\t\t\t\t\t\t\t\t<label for=\"form-field-archivos\" class=\"elementor-field-label elementor-screen-only\">\n\t\t\t\t\t\t\t\tArchivos\t\t\t\t\t\t\t<\/label>\n\t\t\t\t\t\t\t\t<input type=\"file\" name=\"form_fields[archivos]\" id=\"form-field-archivos\" class=\"elementor-field elementor-size-sm  elementor-upload-field\" required=\"required\" aria-required=\"true\" data-maxsize=\"10\" data-maxsize-message=\"Este archivo excede el tama\u00f1o m\u00e1ximo permitido.\">\n\n\t\t\t\t\t\t<\/div>\n\t\t\t\t\t\t\t\t<div class=\"elementor-field-type-recaptcha_v3 elementor-field-group elementor-column elementor-field-group-field_186a711 elementor-col-100 recaptcha_v3-inline\">\n\t\t\t\t\t<div class=\"elementor-field\" id=\"form-field-field_186a711\"><div class=\"elementor-g-recaptcha\" data-sitekey=\"6LeDV3EpAAAAAPV0oyrPiqF8DRWuBZMZdSb3p5I3\" data-type=\"v3\" data-action=\"Form\" data-badge=\"inline\" data-size=\"invisible\"><\/div><\/div>\t\t\t\t<\/div>\n\t\t\t\t\t\t\t\t<div class=\"elementor-field-type-acceptance elementor-field-group elementor-column elementor-field-group-field_56542c3 elementor-col-100 elementor-field-required\">\n\t\t\t\t\t\t\t\t\t\t\t\t<label for=\"form-field-field_56542c3\" class=\"elementor-field-label elementor-screen-only\">\n\t\t\t\t\t\t\t\tPol\u00edtica\t\t\t\t\t\t\t<\/label>\n\t\t\t\t\t\t\t\t<div class=\"elementor-field-subgroup\">\n\t\t\t<span class=\"elementor-field-option\">\n\t\t\t\t<input type=\"checkbox\" name=\"form_fields[field_56542c3]\" id=\"form-field-field_56542c3\" class=\"elementor-field elementor-size-sm  elementor-acceptance-field\" required=\"required\" aria-required=\"true\">\n\t\t\t\t<label for=\"form-field-field_56542c3\">He le\u00eddo y acepto la <a href=\"https:\/\/www.sanjogroup.com\/aviso-legal\"  style= \"color: #4789C5\"> Pol\u00edtica de privacidad<\/a> de SANJO<\/label>\t\t\t<\/span>\n\t\t<\/div>\n\t\t\t\t\t\t<\/div>\n\t\t\t\t\t\t\t\t<div class=\"elementor-field-group elementor-column elementor-field-type-submit elementor-col-100 e-form__buttons\">\n\t\t\t\t\t<button class=\"elementor-button elementor-size-sm\" type=\"submit\" id=\"form-boton\">\n\t\t\t\t\t\t<span class=\"elementor-button-content-wrapper\">\n\t\t\t\t\t\t\t\t\t\t\t\t\t\t\t\t\t\t\t\t\t\t<span class=\"elementor-button-text\">Enviar<\/span>\n\t\t\t\t\t\t\t\t\t\t\t\t\t<\/span>\n\t\t\t\t\t<\/button>\n\t\t\t\t<\/div>\n\t\t\t<\/div>\n\t\t<\/form>\n\t\t\t\t<\/div>\n\t\t\t\t<\/div>\n\t\t\t\t\t<\/div>\n\t\t\t\t<\/div>\n\t\t\t\t\t<\/div>\n\t\t\t\t<\/div>\n\t\t\t\t\t<\/div>\n\t\t\t\t<\/div>\n\t\t\t\t<\/div>\n\t\t","protected":false},"excerpt":{"rendered":"<p>Empleo Trabaja en SANJO Somos una empresa l\u00edder en la fabricaci\u00f3n de componentes met\u00e1licos de precisi\u00f3n consolidada a nivel mundial. Creemos que nuestros empleados y empleadas son una parte importante de nuestro \u00e9xito, por ello nos esforzamos en brindar el mejor entorno posible que favorezca el crecimiento personal y profesional. Si te apasiona marcar la [&hellip;]<\/p>\n","protected":false},"author":9,"featured_media":0,"parent":0,"menu_order":50,"comment_status":"closed","ping_status":"closed","template":"","meta":{"footnotes":""},"class_list":["post-16","page","type-page","status-publish","hentry"],"yoast_head":"<!-- This site is optimized with the Yoast SEO plugin v26.9 - https:\/\/yoast.com\/product\/yoast-seo-wordpress\/ -->\n<title>Empleo - SANJO<\/title>\n<meta name=\"description\" content=\"\u00bfQuieres trabajar en SANJO? Env\u00edanos tu candidatura\" \/>\n<meta name=\"robots\" content=\"index, follow, max-snippet:-1, max-image-preview:large, max-video-preview:-1\" \/>\n<link rel=\"canonical\" href=\"https:\/\/sanjogroup.com\/es\/empleo\/\" \/>\n<meta property=\"og:locale\" content=\"es_ES\" \/>\n<meta property=\"og:type\" content=\"article\" \/>\n<meta property=\"og:title\" content=\"Empleo - SANJO\" \/>\n<meta property=\"og:description\" content=\"\u00bfQuieres trabajar en SANJO? Env\u00edanos tu candidatura\" \/>\n<meta property=\"og:url\" content=\"https:\/\/sanjogroup.com\/es\/empleo\/\" \/>\n<meta property=\"og:site_name\" content=\"SANJO\" \/>\n<meta property=\"article:modified_time\" content=\"2026-01-26T16:09:16+00:00\" \/>\n<meta name=\"twitter:card\" content=\"summary_large_image\" \/>\n<meta name=\"twitter:label1\" content=\"Tiempo de lectura\" \/>\n\t<meta name=\"twitter:data1\" content=\"1 minuto\" \/>\n<script type=\"application\/ld+json\" class=\"yoast-schema-graph\">{\"@context\":\"https:\/\/schema.org\",\"@graph\":[{\"@type\":\"WebPage\",\"@id\":\"https:\/\/sanjogroup.com\/es\/empleo\/\",\"url\":\"https:\/\/sanjogroup.com\/es\/empleo\/\",\"name\":\"Empleo - SANJO\",\"isPartOf\":{\"@id\":\"https:\/\/sanjogroup.com\/es\/#website\"},\"datePublished\":\"2017-11-03T17:52:34+00:00\",\"dateModified\":\"2026-01-26T16:09:16+00:00\",\"description\":\"\u00bfQuieres trabajar en SANJO? Env\u00edanos tu candidatura\",\"breadcrumb\":{\"@id\":\"https:\/\/sanjogroup.com\/es\/empleo\/#breadcrumb\"},\"inLanguage\":\"es\",\"potentialAction\":[{\"@type\":\"ReadAction\",\"target\":[\"https:\/\/sanjogroup.com\/es\/empleo\/\"]}]},{\"@type\":\"BreadcrumbList\",\"@id\":\"https:\/\/sanjogroup.com\/es\/empleo\/#breadcrumb\",\"itemListElement\":[{\"@type\":\"ListItem\",\"position\":1,\"name\":\"Portada\",\"item\":\"https:\/\/sanjogroup.com\/es\/new-home-pixelwolf\/\"},{\"@type\":\"ListItem\",\"position\":2,\"name\":\"Empleo\"}]},{\"@type\":\"WebSite\",\"@id\":\"https:\/\/sanjogroup.com\/es\/#website\",\"url\":\"https:\/\/sanjogroup.com\/es\/\",\"name\":\"SANJO\",\"description\":\"Fineblanking\",\"publisher\":{\"@id\":\"https:\/\/sanjogroup.com\/es\/#organization\"},\"potentialAction\":[{\"@type\":\"SearchAction\",\"target\":{\"@type\":\"EntryPoint\",\"urlTemplate\":\"https:\/\/sanjogroup.com\/es\/?s={search_term_string}\"},\"query-input\":{\"@type\":\"PropertyValueSpecification\",\"valueRequired\":true,\"valueName\":\"search_term_string\"}}],\"inLanguage\":\"es\"},{\"@type\":\"Organization\",\"@id\":\"https:\/\/sanjogroup.com\/es\/#organization\",\"name\":\"SANJO\",\"url\":\"https:\/\/sanjogroup.com\/es\/\",\"logo\":{\"@type\":\"ImageObject\",\"inLanguage\":\"es\",\"@id\":\"https:\/\/sanjogroup.com\/es\/#\/schema\/logo\/image\/\",\"url\":\"https:\/\/sanjogroup.com\/wp-content\/uploads\/2022\/03\/LOGO-SANJO.jpg\",\"contentUrl\":\"https:\/\/sanjogroup.com\/wp-content\/uploads\/2022\/03\/LOGO-SANJO.jpg\",\"width\":234,\"height\":57,\"caption\":\"SANJO\"},\"image\":{\"@id\":\"https:\/\/sanjogroup.com\/es\/#\/schema\/logo\/image\/\"}}]}<\/script>\n<!-- \/ Yoast SEO plugin. -->","yoast_head_json":{"title":"Empleo - SANJO","description":"\u00bfQuieres trabajar en SANJO? Env\u00edanos tu candidatura","robots":{"index":"index","follow":"follow","max-snippet":"max-snippet:-1","max-image-preview":"max-image-preview:large","max-video-preview":"max-video-preview:-1"},"canonical":"https:\/\/sanjogroup.com\/es\/empleo\/","og_locale":"es_ES","og_type":"article","og_title":"Empleo - SANJO","og_description":"\u00bfQuieres trabajar en SANJO? Env\u00edanos tu candidatura","og_url":"https:\/\/sanjogroup.com\/es\/empleo\/","og_site_name":"SANJO","article_modified_time":"2026-01-26T16:09:16+00:00","twitter_card":"summary_large_image","twitter_misc":{"Tiempo de lectura":"1 minuto"},"schema":{"@context":"https:\/\/schema.org","@graph":[{"@type":"WebPage","@id":"https:\/\/sanjogroup.com\/es\/empleo\/","url":"https:\/\/sanjogroup.com\/es\/empleo\/","name":"Empleo - SANJO","isPartOf":{"@id":"https:\/\/sanjogroup.com\/es\/#website"},"datePublished":"2017-11-03T17:52:34+00:00","dateModified":"2026-01-26T16:09:16+00:00","description":"\u00bfQuieres trabajar en SANJO? Env\u00edanos tu candidatura","breadcrumb":{"@id":"https:\/\/sanjogroup.com\/es\/empleo\/#breadcrumb"},"inLanguage":"es","potentialAction":[{"@type":"ReadAction","target":["https:\/\/sanjogroup.com\/es\/empleo\/"]}]},{"@type":"BreadcrumbList","@id":"https:\/\/sanjogroup.com\/es\/empleo\/#breadcrumb","itemListElement":[{"@type":"ListItem","position":1,"name":"Portada","item":"https:\/\/sanjogroup.com\/es\/new-home-pixelwolf\/"},{"@type":"ListItem","position":2,"name":"Empleo"}]},{"@type":"WebSite","@id":"https:\/\/sanjogroup.com\/es\/#website","url":"https:\/\/sanjogroup.com\/es\/","name":"SANJO","description":"Fineblanking","publisher":{"@id":"https:\/\/sanjogroup.com\/es\/#organization"},"potentialAction":[{"@type":"SearchAction","target":{"@type":"EntryPoint","urlTemplate":"https:\/\/sanjogroup.com\/es\/?s={search_term_string}"},"query-input":{"@type":"PropertyValueSpecification","valueRequired":true,"valueName":"search_term_string"}}],"inLanguage":"es"},{"@type":"Organization","@id":"https:\/\/sanjogroup.com\/es\/#organization","name":"SANJO","url":"https:\/\/sanjogroup.com\/es\/","logo":{"@type":"ImageObject","inLanguage":"es","@id":"https:\/\/sanjogroup.com\/es\/#\/schema\/logo\/image\/","url":"https:\/\/sanjogroup.com\/wp-content\/uploads\/2022\/03\/LOGO-SANJO.jpg","contentUrl":"https:\/\/sanjogroup.com\/wp-content\/uploads\/2022\/03\/LOGO-SANJO.jpg","width":234,"height":57,"caption":"SANJO"},"image":{"@id":"https:\/\/sanjogroup.com\/es\/#\/schema\/logo\/image\/"}}]}},"_links":{"self":[{"href":"https:\/\/sanjogroup.com\/es\/wp-json\/wp\/v2\/pages\/16","targetHints":{"allow":["GET"]}}],"collection":[{"href":"https:\/\/sanjogroup.com\/es\/wp-json\/wp\/v2\/pages"}],"about":[{"href":"https:\/\/sanjogroup.com\/es\/wp-json\/wp\/v2\/types\/page"}],"author":[{"embeddable":true,"href":"https:\/\/sanjogroup.com\/es\/wp-json\/wp\/v2\/users\/9"}],"replies":[{"embeddable":true,"href":"https:\/\/sanjogroup.com\/es\/wp-json\/wp\/v2\/comments?post=16"}],"version-history":[{"count":201,"href":"https:\/\/sanjogroup.com\/es\/wp-json\/wp\/v2\/pages\/16\/revisions"}],"predecessor-version":[{"id":22567,"href":"https:\/\/sanjogroup.com\/es\/wp-json\/wp\/v2\/pages\/16\/revisions\/22567"}],"wp:attachment":[{"href":"https:\/\/sanjogroup.com\/es\/wp-json\/wp\/v2\/media?parent=16"}],"curies":[{"name":"wp","href":"https:\/\/api.w.org\/{rel}","templated":true}]}}